{"id":245,"date":"2020-08-18T08:57:38","date_gmt":"2020-08-18T06:57:38","guid":{"rendered":"https:\/\/handballorgon.fr\/?page_id=245"},"modified":"2024-08-18T17:17:08","modified_gmt":"2024-08-18T15:17:08","slug":"u9-minihand","status":"publish","type":"page","link":"https:\/\/handballorgon.fr\/index.php\/groupes\/u9-minihand\/","title":{"rendered":"U9 Minihand"},"content":{"rendered":"<div class=\"wp-block-image\">\n<figure class=\"aligncenter size-thumbnail\"><img loading=\"lazy\" decoding=\"async\" width=\"150\" height=\"150\" src=\"https:\/\/handballorgon.fr\/wp-content\/uploads\/2020\/08\/miniHand_logo-150x150.png\" alt=\"\" class=\"wp-image-246\" srcset=\"https:\/\/handballorgon.fr\/wp-content\/uploads\/2020\/08\/miniHand_logo-150x150.png 150w, https:\/\/handballorgon.fr\/wp-content\/uploads\/2020\/08\/miniHand_logo-300x300.png 300w, https:\/\/handballorgon.fr\/wp-content\/uploads\/2020\/08\/miniHand_logo-128x128.png 128w, https:\/\/handballorgon.fr\/wp-content\/uploads\/2020\/08\/miniHand_logo-32x32.png 32w, https:\/\/handballorgon.fr\/wp-content\/uploads\/2020\/08\/miniHand_logo.png 467w\" sizes=\"(max-width: 150px) 100vw, 150px\" \/><\/figure><\/div>\n\n\n<p>Pour les enfants de <strong>6, 7 et 8 ans<\/strong>, la cat\u00e9gorie <strong>U9 Minihand<\/strong> fait le lien entre la d\u00e9couverte du sport en BabyHand et le Handball \u00ab\u00a0comme les grands\u00a0\u00bb. Les s\u00e9ances d&rsquo;entrainement se tiennent <strong>le samedi matin de 9h30 \u00e0 11h00<\/strong> et sont anim\u00e9es par <strong>Thibault<\/strong>. Le Coach organise des exercices d&rsquo;habilet\u00e9 et des mises en situation pour apprendre \u00e0 tirer au but, \u00e0 d\u00e9fendre et d\u00e9couvrir le r\u00f4le de gardien de but.<\/p>\n\n\n\n<p>Le minihand se pratique sur la largeur du terrain soit sur une surface de 20m x 13m. On peut ainsi accueillir jusqu&rsquo;\u00e0 6 \u00e9quipes en m\u00eame temps dans le gymnase pour organiser des rencontres interclubs. La taille des buts est adapt\u00e9e ainsi que le ballon pour favoriser les situation de but et \u00e9quilibrer les chances tireur\/gardien.<\/p>\n\n\n\n<p>Les enfants d\u00e9couvrent petit \u00e0 petit leur esprit de comp\u00e9tition et m\u00eame si les scores ne sont pas relev\u00e9s, vous pouvez \u00eatre s\u00fbr que les enfants comptent les points !<\/p>\n\n\n\n<p>Le\u00a0<strong>HCO offre aux U9 un pack \u00e9quipement<\/strong>\u00a0comprenant\u00a0<strong>un maillot<\/strong>\u00a0aux couleurs du club, un <strong>short<\/strong> et une paire de <strong>chaussettes<\/strong> match. Le minihand est ouvert aux filles et aux gar\u00e7ons n\u00e9(e)s en 2016, 2017, et 2018 <a href=\"https:\/\/handballorgon.fr\/index.php\/inscriptions\/\">Renseignements et inscriptions en ligne<\/a>.<\/p>\n","protected":false},"excerpt":{"rendered":"<p>Pour les enfants de 6, 7 et 8 ans, la cat\u00e9gorie U9 Minihand fait le lien entre la d\u00e9couverte du sport en BabyHand et le Handball \u00ab\u00a0comme les grands\u00a0\u00bb. Les s\u00e9ances d&rsquo;entrainement se tiennent le samedi matin de 9h30 \u00e0 11h00 et sont anim\u00e9es par Thibault. Le Coach organise des exercices d&rsquo;habilet\u00e9 et des mises [&hellip;]<\/p>\n","protected":false},"author":1,"featured_media":0,"parent":108,"menu_order":0,"comment_status":"closed","ping_status":"closed","template":"","meta":{"footnotes":""},"class_list":["post-245","page","type-page","status-publish","hentry"],"_links":{"self":[{"href":"https:\/\/handballorgon.fr\/index.php\/wp-json\/wp\/v2\/pages\/245"}],"collection":[{"href":"https:\/\/handballorgon.fr\/index.php\/wp-json\/wp\/v2\/pages"}],"about":[{"href":"https:\/\/handballorgon.fr\/index.php\/wp-json\/wp\/v2\/types\/page"}],"author":[{"embeddable":true,"href":"https:\/\/handballorgon.fr\/index.php\/wp-json\/wp\/v2\/users\/1"}],"replies":[{"embeddable":true,"href":"https:\/\/handballorgon.fr\/index.php\/wp-json\/wp\/v2\/comments?post=245"}],"version-history":[{"count":5,"href":"https:\/\/handballorgon.fr\/index.php\/wp-json\/wp\/v2\/pages\/245\/revisions"}],"predecessor-version":[{"id":586,"href":"https:\/\/handballorgon.fr\/index.php\/wp-json\/wp\/v2\/pages\/245\/revisions\/586"}],"up":[{"embeddable":true,"href":"https:\/\/handballorgon.fr\/index.php\/wp-json\/wp\/v2\/pages\/108"}],"wp:attachment":[{"href":"https:\/\/handballorgon.fr\/index.php\/wp-json\/wp\/v2\/media?parent=245"}],"curies":[{"name":"wp","href":"https:\/\/api.w.org\/{rel}","templated":true}]}}