{"id":234,"date":"2020-08-15T15:07:32","date_gmt":"2020-08-15T13:07:32","guid":{"rendered":"https:\/\/handballorgon.fr\/?page_id=234"},"modified":"2024-08-18T17:05:19","modified_gmt":"2024-08-18T15:05:19","slug":"babyhand","status":"publish","type":"page","link":"https:\/\/handballorgon.fr\/index.php\/groupes\/babyhand\/","title":{"rendered":"BabyHand"},"content":{"rendered":"<div class=\"wp-block-image\">\n<figure class=\"aligncenter size-thumbnail\"><img loading=\"lazy\" decoding=\"async\" width=\"150\" height=\"150\" src=\"https:\/\/handballorgon.fr\/wp-content\/uploads\/2020\/08\/babyHand_logo-150x150.png\" alt=\"BabyHandLogo\" class=\"wp-image-235\" srcset=\"https:\/\/handballorgon.fr\/wp-content\/uploads\/2020\/08\/babyHand_logo-150x150.png 150w, https:\/\/handballorgon.fr\/wp-content\/uploads\/2020\/08\/babyHand_logo-300x300.png 300w, https:\/\/handballorgon.fr\/wp-content\/uploads\/2020\/08\/babyHand_logo-128x128.png 128w, https:\/\/handballorgon.fr\/wp-content\/uploads\/2020\/08\/babyHand_logo-32x32.png 32w, https:\/\/handballorgon.fr\/wp-content\/uploads\/2020\/08\/babyHand_logo.png 529w\" sizes=\"(max-width: 150px) 100vw, 150px\" \/><\/figure><\/div>\n\n\n<p>Le <strong>Handball Club Orgonnais<\/strong> accueille les tout-petits <strong>d\u00e8s 3 ans<\/strong> dans le groupe \u00ab\u00a0des Baby\u00a0\u00bb. Avec des activit\u00e9s Handball bas\u00e9es sur le jeu, et l&rsquo;imaginaire, les s\u00e9ances de BabyHand sont organis\u00e9es autour d&rsquo;ateliers ludiques qui participent au d\u00e9veloppement de la motricit\u00e9 et de la socialisation des enfants.<\/p>\n\n\n\n<p>Le HCO est ouvert aux Baby le <strong>samedi matin de 10h30 \u00e0 11h00<\/strong>. Les s\u00e9ances sont anim\u00e9es par <strong>Ma\u00ebva<\/strong> et les parents volontaires sont les bienvenus pour aider \u00e0 rattraper les ballons qui s&rsquo;\u00e9chappent et remettre en place un c\u00f4ne renvers\u00e9 !<\/p>\n\n\n\n<p>Comme pour les plus grands, le <strong>HCO offre aux Baby <\/strong><strong>un maillot<\/strong> aux couleurs du club. Pour compl\u00e9ter la tenue de votre enfant, \u00e9quipez-le d&rsquo;un short ou d&rsquo;un bas de jogging selon la m\u00e9t\u00e9o, et d&rsquo;une paire de baskets plates.<\/p>\n\n\n\n<p>Le BabyHand est ouvert aux filles et aux gar\u00e7ons n\u00e9(e)s en 2019, 2020, et 2021*.<\/p>\n\n\n\n<p>La F\u00e9d\u00e9ration Fran\u00e7aise de Handball vous propose de d\u00e9couvrir en d\u00e9tail le BabyHand : <a href=\"https:\/\/www.ffhandball.fr\/fr\/vie-des-clubs\/jouer\/baby-hand\">https:\/\/www.ffhandball.fr\/fr\/vie-des-clubs\/jouer\/baby-hand<\/a><\/p>\n\n\n\n<p>*2021 : le niveau de motricit\u00e9 et d&rsquo;attention seront \u00e9valu\u00e9s par la responsable de la section.<\/p>\n","protected":false},"excerpt":{"rendered":"<p>Le Handball Club Orgonnais accueille les tout-petits d\u00e8s 3 ans dans le groupe \u00ab\u00a0des Baby\u00a0\u00bb. Avec des activit\u00e9s Handball bas\u00e9es sur le jeu, et l&rsquo;imaginaire, les s\u00e9ances de BabyHand sont organis\u00e9es autour d&rsquo;ateliers ludiques qui participent au d\u00e9veloppement de la motricit\u00e9 et de la socialisation des enfants. Le HCO est ouvert aux Baby le samedi [&hellip;]<\/p>\n","protected":false},"author":1,"featured_media":0,"parent":108,"menu_order":0,"comment_status":"closed","ping_status":"closed","template":"","meta":{"footnotes":""},"class_list":["post-234","page","type-page","status-publish","hentry"],"_links":{"self":[{"href":"https:\/\/handballorgon.fr\/index.php\/wp-json\/wp\/v2\/pages\/234"}],"collection":[{"href":"https:\/\/handballorgon.fr\/index.php\/wp-json\/wp\/v2\/pages"}],"about":[{"href":"https:\/\/handballorgon.fr\/index.php\/wp-json\/wp\/v2\/types\/page"}],"author":[{"embeddable":true,"href":"https:\/\/handballorgon.fr\/index.php\/wp-json\/wp\/v2\/users\/1"}],"replies":[{"embeddable":true,"href":"https:\/\/handballorgon.fr\/index.php\/wp-json\/wp\/v2\/comments?post=234"}],"version-history":[{"count":8,"href":"https:\/\/handballorgon.fr\/index.php\/wp-json\/wp\/v2\/pages\/234\/revisions"}],"predecessor-version":[{"id":576,"href":"https:\/\/handballorgon.fr\/index.php\/wp-json\/wp\/v2\/pages\/234\/revisions\/576"}],"up":[{"embeddable":true,"href":"https:\/\/handballorgon.fr\/index.php\/wp-json\/wp\/v2\/pages\/108"}],"wp:attachment":[{"href":"https:\/\/handballorgon.fr\/index.php\/wp-json\/wp\/v2\/media?parent=234"}],"curies":[{"name":"wp","href":"https:\/\/api.w.org\/{rel}","templated":true}]}}