{"id":10,"date":"2020-04-17T11:01:00","date_gmt":"2020-04-17T09:01:00","guid":{"rendered":"http:\/\/handballorgon.fr\/index.php\/colibri-wp\/"},"modified":"2023-03-17T14:21:07","modified_gmt":"2023-03-17T13:21:07","slug":"colibri-wp","status":"publish","type":"page","link":"https:\/\/handballorgon.fr\/","title":{"rendered":"HCO"},"content":{"rendered":"\n<p>Bienvenue au Handball Club Orgonnais. Utilisez le menu pour d\u00e9couvrir les actualit\u00e9s du club, les \u00e9quipes, les horaires d\u2019entra\u00eenements, le calendrier, les r\u00e9sultats&#8230;<\/p>\n\n\n\n<p>Nous accueillons les jeunes sportifs d\u00e8s 3 ans et les moins jeunes sans limite d&rsquo;\u00e2ge ! Pour en savoir plus, <a href=\"https:\/\/handballorgon.fr\/index.php\/contact\/\">contactez nous!<\/a><\/p>\n\n\n\n<p>Vous souhaitez nous aider \u00e0 faire vivre le club et am\u00e9liorer le quotidien de nos futurs champions, <a href=\"https:\/\/handballorgon.fr\/index.php\/contact\/\">contactez<\/a> notre responsable partenaires.<\/p>\n\n\n\n<p>Pour les Fans du HCO, retrouvez  nos t-shirts, maillots, et autres goodies dans <a href=\"https:\/\/www.cote-sports.com\/bon-de-commande-club-de-handball-orgonnais-articles\/\" data-type=\"URL\" data-id=\"https:\/\/www.cote-sports.com\/bon-de-commande-club-de-handball-orgonnais-articles\/\" target=\"_blank\" rel=\"noreferrer noopener\">la boutique en ligne du club<\/a>.<\/p>\n\n\n<div class=\"wp-block-image\">\n<figure class=\"aligncenter size-large is-resized\"><img loading=\"lazy\" decoding=\"async\" src=\"https:\/\/handballorgon.fr\/wp-content\/uploads\/2020\/08\/Kempa_Bleu-emotion.jpg\" alt=\"Maillot HCO\" class=\"wp-image-243\" width=\"298\" height=\"421\" srcset=\"https:\/\/handballorgon.fr\/wp-content\/uploads\/2020\/08\/Kempa_Bleu-emotion.jpg 595w, https:\/\/handballorgon.fr\/wp-content\/uploads\/2020\/08\/Kempa_Bleu-emotion-212x300.jpg 212w, https:\/\/handballorgon.fr\/wp-content\/uploads\/2020\/08\/Kempa_Bleu-emotion-90x128.jpg 90w, https:\/\/handballorgon.fr\/wp-content\/uploads\/2020\/08\/Kempa_Bleu-emotion-23x32.jpg 23w\" sizes=\"(max-width: 298px) 100vw, 298px\" \/><\/figure><\/div>","protected":false},"excerpt":{"rendered":"<p>Bienvenue au Handball Club Orgonnais. Utilisez le menu pour d\u00e9couvrir les actualit\u00e9s du club, les \u00e9quipes, les horaires d\u2019entra\u00eenements, le calendrier, les r\u00e9sultats&#8230; Nous accueillons les jeunes sportifs d\u00e8s 3 ans et les moins jeunes sans limite d&rsquo;\u00e2ge ! Pour en savoir plus, contactez nous! Vous souhaitez nous aider \u00e0 faire vivre le club et [&hellip;]<\/p>\n","protected":false},"author":1,"featured_media":0,"parent":0,"menu_order":0,"comment_status":"closed","ping_status":"closed","template":"","meta":{"footnotes":""},"class_list":["post-10","page","type-page","status-publish","hentry"],"_links":{"self":[{"href":"https:\/\/handballorgon.fr\/index.php\/wp-json\/wp\/v2\/pages\/10"}],"collection":[{"href":"https:\/\/handballorgon.fr\/index.php\/wp-json\/wp\/v2\/pages"}],"about":[{"href":"https:\/\/handballorgon.fr\/index.php\/wp-json\/wp\/v2\/types\/page"}],"author":[{"embeddable":true,"href":"https:\/\/handballorgon.fr\/index.php\/wp-json\/wp\/v2\/users\/1"}],"replies":[{"embeddable":true,"href":"https:\/\/handballorgon.fr\/index.php\/wp-json\/wp\/v2\/comments?post=10"}],"version-history":[{"count":7,"href":"https:\/\/handballorgon.fr\/index.php\/wp-json\/wp\/v2\/pages\/10\/revisions"}],"predecessor-version":[{"id":498,"href":"https:\/\/handballorgon.fr\/index.php\/wp-json\/wp\/v2\/pages\/10\/revisions\/498"}],"wp:attachment":[{"href":"https:\/\/handballorgon.fr\/index.php\/wp-json\/wp\/v2\/media?parent=10"}],"curies":[{"name":"wp","href":"https:\/\/api.w.org\/{rel}","templated":true}]}}